{"id":2230,"date":"2022-07-19T21:03:09","date_gmt":"2022-07-19T21:03:09","guid":{"rendered":"https:\/\/antonellipelli.it\/?page_id=2230"},"modified":"2022-07-19T21:05:38","modified_gmt":"2022-07-19T21:05:38","slug":"spedizione","status":"publish","type":"page","link":"https:\/\/antonellipelli.it\/index.php\/spedizione\/","title":{"rendered":"SPEDIZIONE"},"content":{"rendered":"\n<p>La spedizione viene effettuata tramite Corriere Espresso nelle 24\/48 ore (lavorative) successive dalla presa visione di pagamento.<br>I tempi di consegna variano a secondo del tipo di spedizione e della destinazione dell\u2019ordine: 24 ore per la maggior parte delle localit\u00e0 italiane.<br>48 ore per Calabria, Sicilia e Sardegna.<br>72 ore per localit\u00e0 pi\u00f9 difficilmente raggiungibili ( es. localit\u00e0 montane, isole minori, estreme perifierie o zone disagiate). I tempi di consegna sono comunque indicativi e non impegnativi per Pellicceria Antonelli che non \u00e8 responsabile per eventuali ritardi causati dal corriere.<br>Non si effettuano spedizioni e consegne il Sabato e la Domenica.<\/p>\n\n\n\n<p>LA SPEDIZIONE HA UN COSTO DI 8,00 \u20ac PER ORDINI INFERIORI A 50,00 \u20ac.<br>PER ORDINI SUPERIORI O PARI A 50,00 \u20ac LA SPEDIZIONE&nbsp;\u00c8&nbsp;GRATUITA.<\/p>\n\n\n\n<p><strong>Orari di Consegna<\/strong><\/p>\n\n\n\n<p>Il corriere consegna solitamente tra le 9.00 e le 18.00 dal lunedi al venerdi, pertanto non possiamo conoscere con precisione l\u2019orario in cui verr\u00e0 recapitata la spedizione.<br>Non si effettuano consegne su appuntamento.<\/p>\n\n\n\n<p><strong>Mancata Consegna<\/strong><\/p>\n\n\n\n<p>Se l\u2019articolo ritorna al mittente a causa di irreperibilit\u00e0 dell\u2019acquirente oppure a causa di indirizzo errato, o rifiuto del pacco alla consegna o per qualsiasi altro motivo, tutte le spese di andata e ritorno non verranno rimborsate.<\/p>\n","protected":false},"excerpt":{"rendered":"<p>La spedizione viene effettuata tramite Corriere Espresso nelle 24\/48 ore (lavorative) successive dalla presa visione di pagamento.I tempi di consegna variano a secondo del tipo di spedizione e della destinazione dell\u2019ordine: 24 ore per la maggior parte delle localit\u00e0 italiane.48 ore per Calabria, Sicilia e Sardegna.72 ore per localit\u00e0 pi\u00f9 difficilmente raggiungibili ( es. localit\u00e0 [&hellip;]<\/p>\n","protected":false},"author":1,"featured_media":0,"parent":0,"menu_order":0,"comment_status":"closed","ping_status":"closed","template":"","meta":{"_et_pb_use_builder":"","_et_pb_old_content":"","_et_gb_content_width":""},"yoast_head":"<!-- This site is optimized with the Yoast SEO plugin v19.3 - https:\/\/yoast.com\/wordpress\/plugins\/seo\/ -->\n<title>SPEDIZIONE - Antonelli Fur Design<\/title>\n<meta name=\"robots\" content=\"index, follow, max-snippet:-1, max-image-preview:large, max-video-preview:-1\" \/>\n<link rel=\"canonical\" href=\"https:\/\/antonellipelli.it\/index.php\/spedizione\/\" \/>\n<meta property=\"og:locale\" content=\"it_IT\" \/>\n<meta property=\"og:type\" content=\"article\" \/>\n<meta property=\"og:title\" content=\"SPEDIZIONE - Antonelli Fur Design\" \/>\n<meta property=\"og:description\" content=\"La spedizione viene effettuata tramite Corriere Espresso nelle 24\/48 ore (lavorative) successive dalla presa visione di pagamento.I tempi di consegna variano a secondo del tipo di spedizione e della destinazione dell\u2019ordine: 24 ore per la maggior parte delle localit\u00e0 italiane.48 ore per Calabria, Sicilia e Sardegna.72 ore per localit\u00e0 pi\u00f9 difficilmente raggiungibili ( es. localit\u00e0 [&hellip;]\" \/>\n<meta property=\"og:url\" content=\"https:\/\/antonellipelli.it\/index.php\/spedizione\/\" \/>\n<meta property=\"og:site_name\" content=\"Antonelli Fur Design\" \/>\n<meta property=\"article:publisher\" content=\"https:\/\/www.facebook.com\/pellicceriantonelli\" \/>\n<meta property=\"article:modified_time\" content=\"2022-07-19T21:05:38+00:00\" \/>\n<meta name=\"twitter:card\" content=\"summary_large_image\" \/>\n<meta name=\"twitter:label1\" content=\"Tempo di lettura stimato\" \/>\n\t<meta name=\"twitter:data1\" content=\"2 minuti\" \/>\n<script type=\"application\/ld+json\" class=\"yoast-schema-graph\">{\"@context\":\"https:\/\/schema.org\",\"@graph\":[{\"@type\":\"Organization\",\"@id\":\"https:\/\/antonellipelli.it\/#organization\",\"name\":\"Antonelli Fur Design\",\"url\":\"https:\/\/antonellipelli.it\/\",\"sameAs\":[\"https:\/\/www.instagram.com\/antonelli_fur_design\/\",\"https:\/\/www.facebook.com\/pellicceriantonelli\"],\"logo\":{\"@type\":\"ImageObject\",\"inLanguage\":\"it-IT\",\"@id\":\"https:\/\/antonellipelli.it\/#\/schema\/logo\/image\/\",\"url\":\"https:\/\/antonellipelli.it\/wp-content\/uploads\/2022\/07\/LOGO-PELLETTERIA.jpg\",\"contentUrl\":\"https:\/\/antonellipelli.it\/wp-content\/uploads\/2022\/07\/LOGO-PELLETTERIA.jpg\",\"width\":500,\"height\":278,\"caption\":\"Antonelli Fur Design\"},\"image\":{\"@id\":\"https:\/\/antonellipelli.it\/#\/schema\/logo\/image\/\"}},{\"@type\":\"WebSite\",\"@id\":\"https:\/\/antonellipelli.it\/#website\",\"url\":\"https:\/\/antonellipelli.it\/\",\"name\":\"Antonelli Fur Design\",\"description\":\"\",\"publisher\":{\"@id\":\"https:\/\/antonellipelli.it\/#organization\"},\"potentialAction\":[{\"@type\":\"SearchAction\",\"target\":{\"@type\":\"EntryPoint\",\"urlTemplate\":\"https:\/\/antonellipelli.it\/?s={search_term_string}\"},\"query-input\":\"required name=search_term_string\"}],\"inLanguage\":\"it-IT\"},{\"@type\":\"WebPage\",\"@id\":\"https:\/\/antonellipelli.it\/index.php\/spedizione\/\",\"url\":\"https:\/\/antonellipelli.it\/index.php\/spedizione\/\",\"name\":\"SPEDIZIONE - Antonelli Fur Design\",\"isPartOf\":{\"@id\":\"https:\/\/antonellipelli.it\/#website\"},\"datePublished\":\"2022-07-19T21:03:09+00:00\",\"dateModified\":\"2022-07-19T21:05:38+00:00\",\"breadcrumb\":{\"@id\":\"https:\/\/antonellipelli.it\/index.php\/spedizione\/#breadcrumb\"},\"inLanguage\":\"it-IT\",\"potentialAction\":[{\"@type\":\"ReadAction\",\"target\":[\"https:\/\/antonellipelli.it\/index.php\/spedizione\/\"]}]},{\"@type\":\"BreadcrumbList\",\"@id\":\"https:\/\/antonellipelli.it\/index.php\/spedizione\/#breadcrumb\",\"itemListElement\":[{\"@type\":\"ListItem\",\"position\":1,\"name\":\"Home\",\"item\":\"https:\/\/antonellipelli.it\/\"},{\"@type\":\"ListItem\",\"position\":2,\"name\":\"SPEDIZIONE\"}]}]}<\/script>\n<!-- \/ Yoast SEO plugin. -->","yoast_head_json":{"title":"SPEDIZIONE - Antonelli Fur Design","robots":{"index":"index","follow":"follow","max-snippet":"max-snippet:-1","max-image-preview":"max-image-preview:large","max-video-preview":"max-video-preview:-1"},"canonical":"https:\/\/antonellipelli.it\/index.php\/spedizione\/","og_locale":"it_IT","og_type":"article","og_title":"SPEDIZIONE - Antonelli Fur Design","og_description":"La spedizione viene effettuata tramite Corriere Espresso nelle 24\/48 ore (lavorative) successive dalla presa visione di pagamento.I tempi di consegna variano a secondo del tipo di spedizione e della destinazione dell\u2019ordine: 24 ore per la maggior parte delle localit\u00e0 italiane.48 ore per Calabria, Sicilia e Sardegna.72 ore per localit\u00e0 pi\u00f9 difficilmente raggiungibili ( es. localit\u00e0 [&hellip;]","og_url":"https:\/\/antonellipelli.it\/index.php\/spedizione\/","og_site_name":"Antonelli Fur Design","article_publisher":"https:\/\/www.facebook.com\/pellicceriantonelli","article_modified_time":"2022-07-19T21:05:38+00:00","twitter_card":"summary_large_image","twitter_misc":{"Tempo di lettura stimato":"2 minuti"},"schema":{"@context":"https:\/\/schema.org","@graph":[{"@type":"Organization","@id":"https:\/\/antonellipelli.it\/#organization","name":"Antonelli Fur Design","url":"https:\/\/antonellipelli.it\/","sameAs":["https:\/\/www.instagram.com\/antonelli_fur_design\/","https:\/\/www.facebook.com\/pellicceriantonelli"],"logo":{"@type":"ImageObject","inLanguage":"it-IT","@id":"https:\/\/antonellipelli.it\/#\/schema\/logo\/image\/","url":"https:\/\/antonellipelli.it\/wp-content\/uploads\/2022\/07\/LOGO-PELLETTERIA.jpg","contentUrl":"https:\/\/antonellipelli.it\/wp-content\/uploads\/2022\/07\/LOGO-PELLETTERIA.jpg","width":500,"height":278,"caption":"Antonelli Fur Design"},"image":{"@id":"https:\/\/antonellipelli.it\/#\/schema\/logo\/image\/"}},{"@type":"WebSite","@id":"https:\/\/antonellipelli.it\/#website","url":"https:\/\/antonellipelli.it\/","name":"Antonelli Fur Design","description":"","publisher":{"@id":"https:\/\/antonellipelli.it\/#organization"},"potentialAction":[{"@type":"SearchAction","target":{"@type":"EntryPoint","urlTemplate":"https:\/\/antonellipelli.it\/?s={search_term_string}"},"query-input":"required name=search_term_string"}],"inLanguage":"it-IT"},{"@type":"WebPage","@id":"https:\/\/antonellipelli.it\/index.php\/spedizione\/","url":"https:\/\/antonellipelli.it\/index.php\/spedizione\/","name":"SPEDIZIONE - Antonelli Fur Design","isPartOf":{"@id":"https:\/\/antonellipelli.it\/#website"},"datePublished":"2022-07-19T21:03:09+00:00","dateModified":"2022-07-19T21:05:38+00:00","breadcrumb":{"@id":"https:\/\/antonellipelli.it\/index.php\/spedizione\/#breadcrumb"},"inLanguage":"it-IT","potentialAction":[{"@type":"ReadAction","target":["https:\/\/antonellipelli.it\/index.php\/spedizione\/"]}]},{"@type":"BreadcrumbList","@id":"https:\/\/antonellipelli.it\/index.php\/spedizione\/#breadcrumb","itemListElement":[{"@type":"ListItem","position":1,"name":"Home","item":"https:\/\/antonellipelli.it\/"},{"@type":"ListItem","position":2,"name":"SPEDIZIONE"}]}]}},"_links":{"self":[{"href":"https:\/\/antonellipelli.it\/index.php\/wp-json\/wp\/v2\/pages\/2230"}],"collection":[{"href":"https:\/\/antonellipelli.it\/index.php\/wp-json\/wp\/v2\/pages"}],"about":[{"href":"https:\/\/antonellipelli.it\/index.php\/wp-json\/wp\/v2\/types\/page"}],"author":[{"embeddable":true,"href":"https:\/\/antonellipelli.it\/index.php\/wp-json\/wp\/v2\/users\/1"}],"replies":[{"embeddable":true,"href":"https:\/\/antonellipelli.it\/index.php\/wp-json\/wp\/v2\/comments?post=2230"}],"version-history":[{"count":2,"href":"https:\/\/antonellipelli.it\/index.php\/wp-json\/wp\/v2\/pages\/2230\/revisions"}],"predecessor-version":[{"id":2234,"href":"https:\/\/antonellipelli.it\/index.php\/wp-json\/wp\/v2\/pages\/2230\/revisions\/2234"}],"wp:attachment":[{"href":"https:\/\/antonellipelli.it\/index.php\/wp-json\/wp\/v2\/media?parent=2230"}],"curies":[{"name":"wp","href":"https:\/\/api.w.org\/{rel}","templated":true}]}}