{"id":2235,"date":"2022-07-19T21:07:16","date_gmt":"2022-07-19T21:07:16","guid":{"rendered":"https:\/\/antonellipelli.it\/?page_id=2235"},"modified":"2022-07-19T21:07:18","modified_gmt":"2022-07-19T21:07:18","slug":"condizioni-di-vendita","status":"publish","type":"page","link":"https:\/\/antonellipelli.it\/index.php\/condizioni-di-vendita\/","title":{"rendered":"CONDIZIONI DI VENDITA"},"content":{"rendered":"\n<p>Il contratto stipulato tra Pellicceria Antonelli e il Cliente si intende concluso con l\u2019accettazione, anche solo parziale, dell\u2019ordine da parte di Pellicceria Antonelli. L\u2019accettazione si ritiene tacita, se non altrimenti comunicato con qualsiasi modalit\u00e0 al cliente. Il Cliente, effettuando un ordine su www.antonellipelli.it dichiara di aver preso visione e di accettare integralmente le condizioni di seguito trascritte:<\/p>\n\n\n\n<p><strong>Spese di Trasporto<\/strong><\/p>\n\n\n\n<p>La spedizione \u00e8 gratuita in tutt\u2019 Italia e potrai consultarlo direttamente dal carrello.<br>Per le spedizioni al di fuori del territorio nazionale il prezzo del trasporto verr\u00e0 comunicato di volta in volta.<\/p>\n\n\n\n<p><strong><br>Spedizione<\/strong><\/p>\n\n\n\n<p>La spedizione viene effettuata tramite Corriere Espresso nelle 24\/48 ore (lavorative) successive dalla presa visione di pagamento.<br>I tempi di consegna variano a secondo del tipo di spedizione e della destinazione dell\u2019ordine: 24 ore per la maggior parte delle localit\u00e0 italiane.<br>48 ore per Calabria, Sicilia e Sardegna.<br>72 ore per localit\u00e0 pi\u00f9 difficilmente raggiungibili ( es. localit\u00e0 montane, isole minori, estreme periferie o zone disagiate). I tempi di consegna sono comunque indicativi e non impegnativi per Pellicceria Antonelli che non \u00e8 responsabile per eventuali ritardi causati dal corriere.<br>Non si effettuano spedizioni e consegne il Sabato e la Domenica.<\/p>\n\n\n\n<p><strong>Orari di Consegna<\/strong><\/p>\n\n\n\n<p>Il corriere consegna solitamente tra le 9.00 e le 18.00 dal lunedi al venerdi, pertanto non possiamo conoscere con precisione l\u2019orario in cui verr\u00e0 recapitata la spedizione.<br>Non si effettuano consegne su appuntamento.<\/p>\n\n\n\n<p><strong>Mancata Consegna<\/strong><\/p>\n\n\n\n<p>Se l\u2019articolo ritorna al mittente a causa di irreperibilit\u00e0 dell\u2019acquirente oppure a causa di indirizzo errato, o rifiuto del pacco alla consegna o per qualsiasi altro motivo, tutte le spese di andata e ritorno non verranno rimborsate.<\/p>\n\n\n\n<p><strong>Diritto di Recesso<\/strong><\/p>\n\n\n\n<p>L\u2019acquirente pu\u00f2 esercitare il diritto di recesso entro 14 giorni dal ricevimento della merce. L\u2019acquirente per godere del diritto di recesso dovr\u00e0 rispedire l\u2019articolo completo di tutti i suoi componenti e della confezione originale nelle identiche condizioni in cui \u00e8 stato ricevuto. Solo in questo caso l\u2019acquirente potr\u00e0 ricevere il rimborso dell\u2019articolo escluse le spese aggiuntive (spese di spedizione).<\/p>\n\n\n\n<p><strong><br>Garanzie<\/strong><\/p>\n\n\n\n<p>Tutti i prodotti vengono controllati e testati prima di essere spediti.<br>La garanzia copre solo i prodotti a cui vengono riscontrati difetti e malfunzionamenti imputabili all\u2019azienda produttrice.<br>Se il prodotto quindi dovesse risultare manomesso o danneggiato anche accidentalmente dall\u2019acquirente o da un uso scorretto del prodotto o per qualsiasi altra causa non imputabile all\u2019azienda produttrice, la garanzia perde di validit\u00e0.<br>Tutte le spese di spedizione per eventuali&nbsp; sostituzioni in garanzia sono sempre a carico dell\u2019acquirente.<\/p>\n","protected":false},"excerpt":{"rendered":"<p>Il contratto stipulato tra Pellicceria Antonelli e il Cliente si intende concluso con l\u2019accettazione, anche solo parziale, dell\u2019ordine da parte di Pellicceria Antonelli. L\u2019accettazione si ritiene tacita, se non altrimenti comunicato con qualsiasi modalit\u00e0 al cliente. Il Cliente, effettuando un ordine su www.antonellipelli.it dichiara di aver preso visione e di accettare integralmente le condizioni di [&hellip;]<\/p>\n","protected":false},"author":1,"featured_media":0,"parent":0,"menu_order":0,"comment_status":"closed","ping_status":"closed","template":"","meta":{"_et_pb_use_builder":"","_et_pb_old_content":"","_et_gb_content_width":""},"yoast_head":"<!-- This site is optimized with the Yoast SEO plugin v19.3 - https:\/\/yoast.com\/wordpress\/plugins\/seo\/ -->\n<title>CONDIZIONI DI VENDITA - Antonelli Fur Design<\/title>\n<meta name=\"robots\" content=\"index, follow, max-snippet:-1, max-image-preview:large, max-video-preview:-1\" \/>\n<link rel=\"canonical\" href=\"https:\/\/antonellipelli.it\/index.php\/condizioni-di-vendita\/\" \/>\n<meta property=\"og:locale\" content=\"it_IT\" \/>\n<meta property=\"og:type\" content=\"article\" \/>\n<meta property=\"og:title\" content=\"CONDIZIONI DI VENDITA - Antonelli Fur Design\" \/>\n<meta property=\"og:description\" content=\"Il contratto stipulato tra Pellicceria Antonelli e il Cliente si intende concluso con l\u2019accettazione, anche solo parziale, dell\u2019ordine da parte di Pellicceria Antonelli. L\u2019accettazione si ritiene tacita, se non altrimenti comunicato con qualsiasi modalit\u00e0 al cliente. Il Cliente, effettuando un ordine su www.antonellipelli.it dichiara di aver preso visione e di accettare integralmente le condizioni di [&hellip;]\" \/>\n<meta property=\"og:url\" content=\"https:\/\/antonellipelli.it\/index.php\/condizioni-di-vendita\/\" \/>\n<meta property=\"og:site_name\" content=\"Antonelli Fur Design\" \/>\n<meta property=\"article:publisher\" content=\"https:\/\/www.facebook.com\/pellicceriantonelli\" \/>\n<meta property=\"article:modified_time\" content=\"2022-07-19T21:07:18+00:00\" \/>\n<meta name=\"twitter:card\" content=\"summary_large_image\" \/>\n<meta name=\"twitter:label1\" content=\"Tempo di lettura stimato\" \/>\n\t<meta name=\"twitter:data1\" content=\"3 minuti\" \/>\n<script type=\"application\/ld+json\" class=\"yoast-schema-graph\">{\"@context\":\"https:\/\/schema.org\",\"@graph\":[{\"@type\":\"Organization\",\"@id\":\"https:\/\/antonellipelli.it\/#organization\",\"name\":\"Antonelli Fur Design\",\"url\":\"https:\/\/antonellipelli.it\/\",\"sameAs\":[\"https:\/\/www.instagram.com\/antonelli_fur_design\/\",\"https:\/\/www.facebook.com\/pellicceriantonelli\"],\"logo\":{\"@type\":\"ImageObject\",\"inLanguage\":\"it-IT\",\"@id\":\"https:\/\/antonellipelli.it\/#\/schema\/logo\/image\/\",\"url\":\"https:\/\/antonellipelli.it\/wp-content\/uploads\/2022\/07\/LOGO-PELLETTERIA.jpg\",\"contentUrl\":\"https:\/\/antonellipelli.it\/wp-content\/uploads\/2022\/07\/LOGO-PELLETTERIA.jpg\",\"width\":500,\"height\":278,\"caption\":\"Antonelli Fur Design\"},\"image\":{\"@id\":\"https:\/\/antonellipelli.it\/#\/schema\/logo\/image\/\"}},{\"@type\":\"WebSite\",\"@id\":\"https:\/\/antonellipelli.it\/#website\",\"url\":\"https:\/\/antonellipelli.it\/\",\"name\":\"Antonelli Fur Design\",\"description\":\"\",\"publisher\":{\"@id\":\"https:\/\/antonellipelli.it\/#organization\"},\"potentialAction\":[{\"@type\":\"SearchAction\",\"target\":{\"@type\":\"EntryPoint\",\"urlTemplate\":\"https:\/\/antonellipelli.it\/?s={search_term_string}\"},\"query-input\":\"required name=search_term_string\"}],\"inLanguage\":\"it-IT\"},{\"@type\":\"WebPage\",\"@id\":\"https:\/\/antonellipelli.it\/index.php\/condizioni-di-vendita\/\",\"url\":\"https:\/\/antonellipelli.it\/index.php\/condizioni-di-vendita\/\",\"name\":\"CONDIZIONI DI VENDITA - Antonelli Fur Design\",\"isPartOf\":{\"@id\":\"https:\/\/antonellipelli.it\/#website\"},\"datePublished\":\"2022-07-19T21:07:16+00:00\",\"dateModified\":\"2022-07-19T21:07:18+00:00\",\"breadcrumb\":{\"@id\":\"https:\/\/antonellipelli.it\/index.php\/condizioni-di-vendita\/#breadcrumb\"},\"inLanguage\":\"it-IT\",\"potentialAction\":[{\"@type\":\"ReadAction\",\"target\":[\"https:\/\/antonellipelli.it\/index.php\/condizioni-di-vendita\/\"]}]},{\"@type\":\"BreadcrumbList\",\"@id\":\"https:\/\/antonellipelli.it\/index.php\/condizioni-di-vendita\/#breadcrumb\",\"itemListElement\":[{\"@type\":\"ListItem\",\"position\":1,\"name\":\"Home\",\"item\":\"https:\/\/antonellipelli.it\/\"},{\"@type\":\"ListItem\",\"position\":2,\"name\":\"CONDIZIONI DI VENDITA\"}]}]}<\/script>\n<!-- \/ Yoast SEO plugin. -->","yoast_head_json":{"title":"CONDIZIONI DI VENDITA - Antonelli Fur Design","robots":{"index":"index","follow":"follow","max-snippet":"max-snippet:-1","max-image-preview":"max-image-preview:large","max-video-preview":"max-video-preview:-1"},"canonical":"https:\/\/antonellipelli.it\/index.php\/condizioni-di-vendita\/","og_locale":"it_IT","og_type":"article","og_title":"CONDIZIONI DI VENDITA - Antonelli Fur Design","og_description":"Il contratto stipulato tra Pellicceria Antonelli e il Cliente si intende concluso con l\u2019accettazione, anche solo parziale, dell\u2019ordine da parte di Pellicceria Antonelli. L\u2019accettazione si ritiene tacita, se non altrimenti comunicato con qualsiasi modalit\u00e0 al cliente. Il Cliente, effettuando un ordine su www.antonellipelli.it dichiara di aver preso visione e di accettare integralmente le condizioni di [&hellip;]","og_url":"https:\/\/antonellipelli.it\/index.php\/condizioni-di-vendita\/","og_site_name":"Antonelli Fur Design","article_publisher":"https:\/\/www.facebook.com\/pellicceriantonelli","article_modified_time":"2022-07-19T21:07:18+00:00","twitter_card":"summary_large_image","twitter_misc":{"Tempo di lettura stimato":"3 minuti"},"schema":{"@context":"https:\/\/schema.org","@graph":[{"@type":"Organization","@id":"https:\/\/antonellipelli.it\/#organization","name":"Antonelli Fur Design","url":"https:\/\/antonellipelli.it\/","sameAs":["https:\/\/www.instagram.com\/antonelli_fur_design\/","https:\/\/www.facebook.com\/pellicceriantonelli"],"logo":{"@type":"ImageObject","inLanguage":"it-IT","@id":"https:\/\/antonellipelli.it\/#\/schema\/logo\/image\/","url":"https:\/\/antonellipelli.it\/wp-content\/uploads\/2022\/07\/LOGO-PELLETTERIA.jpg","contentUrl":"https:\/\/antonellipelli.it\/wp-content\/uploads\/2022\/07\/LOGO-PELLETTERIA.jpg","width":500,"height":278,"caption":"Antonelli Fur Design"},"image":{"@id":"https:\/\/antonellipelli.it\/#\/schema\/logo\/image\/"}},{"@type":"WebSite","@id":"https:\/\/antonellipelli.it\/#website","url":"https:\/\/antonellipelli.it\/","name":"Antonelli Fur Design","description":"","publisher":{"@id":"https:\/\/antonellipelli.it\/#organization"},"potentialAction":[{"@type":"SearchAction","target":{"@type":"EntryPoint","urlTemplate":"https:\/\/antonellipelli.it\/?s={search_term_string}"},"query-input":"required name=search_term_string"}],"inLanguage":"it-IT"},{"@type":"WebPage","@id":"https:\/\/antonellipelli.it\/index.php\/condizioni-di-vendita\/","url":"https:\/\/antonellipelli.it\/index.php\/condizioni-di-vendita\/","name":"CONDIZIONI DI VENDITA - Antonelli Fur Design","isPartOf":{"@id":"https:\/\/antonellipelli.it\/#website"},"datePublished":"2022-07-19T21:07:16+00:00","dateModified":"2022-07-19T21:07:18+00:00","breadcrumb":{"@id":"https:\/\/antonellipelli.it\/index.php\/condizioni-di-vendita\/#breadcrumb"},"inLanguage":"it-IT","potentialAction":[{"@type":"ReadAction","target":["https:\/\/antonellipelli.it\/index.php\/condizioni-di-vendita\/"]}]},{"@type":"BreadcrumbList","@id":"https:\/\/antonellipelli.it\/index.php\/condizioni-di-vendita\/#breadcrumb","itemListElement":[{"@type":"ListItem","position":1,"name":"Home","item":"https:\/\/antonellipelli.it\/"},{"@type":"ListItem","position":2,"name":"CONDIZIONI DI VENDITA"}]}]}},"_links":{"self":[{"href":"https:\/\/antonellipelli.it\/index.php\/wp-json\/wp\/v2\/pages\/2235"}],"collection":[{"href":"https:\/\/antonellipelli.it\/index.php\/wp-json\/wp\/v2\/pages"}],"about":[{"href":"https:\/\/antonellipelli.it\/index.php\/wp-json\/wp\/v2\/types\/page"}],"author":[{"embeddable":true,"href":"https:\/\/antonellipelli.it\/index.php\/wp-json\/wp\/v2\/users\/1"}],"replies":[{"embeddable":true,"href":"https:\/\/antonellipelli.it\/index.php\/wp-json\/wp\/v2\/comments?post=2235"}],"version-history":[{"count":1,"href":"https:\/\/antonellipelli.it\/index.php\/wp-json\/wp\/v2\/pages\/2235\/revisions"}],"predecessor-version":[{"id":2236,"href":"https:\/\/antonellipelli.it\/index.php\/wp-json\/wp\/v2\/pages\/2235\/revisions\/2236"}],"wp:attachment":[{"href":"https:\/\/antonellipelli.it\/index.php\/wp-json\/wp\/v2\/media?parent=2235"}],"curies":[{"name":"wp","href":"https:\/\/api.w.org\/{rel}","templated":true}]}}